{"id":989001,"date":"2021-08-04T08:13:59","date_gmt":"2021-08-04T08:13:59","guid":{"rendered":"https:\/\/chiury.it\/product\/olive-verdi-schiacciate\/"},"modified":"2021-12-14T16:12:33","modified_gmt":"2021-12-14T16:12:33","slug":"olive-verdi-schiacciate","status":"publish","type":"product","link":"https:\/\/chiury.it\/de\/product\/olive-verdi-schiacciate\/","title":{"rendered":"Zerkleinerte Oliven in \u00d6l 300gr"},"content":{"rendered":"<div class=\"vgblk-rw-wrapper limit-wrapper\">Die Olive Schiacciate geh\u00f6ren zur kulinarischen Tradition Kalabriens, die reich an mediterranen Geschm\u00e4ckern und Aromen ist.<br \/>\nMit dieser Zubereitungsart k\u00f6nnen Sie die Olive schiacciate ohne Stein konservieren, gew\u00fcrzt mit duftenden Aromen wie Chili und wildem Fenchel und in einem Glas mit nativem Oliven\u00f6l extra.<br \/>\nOb zum Aperitif mit knusprig selbstgebackenem Brot, als Beilage zum Salat, in der Tomatensauce oder bei anderen Rezepten: Unsere Oliven verleihen allem einen hervorragenden geschmacklichen Akzent.<\/div>\n<p><!-- .vgblk-rw-wrapper --><\/p>\n","protected":false},"excerpt":{"rendered":"<p>Die Olive Schiacciate geh\u00f6ren zur kulinarischen Tradition Kalabriens, die reich an mediterranen Geschm\u00e4ckern und Aromen ist.<br \/>\nMit dieser Zubereitungsart k\u00f6nnen Sie die Olive schiacciate ohne Stein konservieren, gew\u00fcrzt mit duftenden Aromen wie Chili und wildem Fenchel und in einem Glas mit nativem Oliven\u00f6l extra.<\/p>\n","protected":false},"featured_media":988492,"template":"","meta":[],"product_cat":[90],"product_tag":[106],"class_list":{"0":"post-989001","1":"product","2":"type-product","3":"status-publish","4":"has-post-thumbnail","6":"product_cat-olives-de","7":"product_tag-green-de","9":"first","10":"instock","11":"shipping-taxable","12":"purchasable","13":"product-type-simple"},"yoast_head":"<!-- This site is optimized with the Yoast SEO plugin v23.3 - https:\/\/yoast.com\/wordpress\/plugins\/seo\/ -->\n<title>Zerkleinerte Oliven in \u00d6l 300gr - Chiury<\/title>\n<meta name=\"robots\" content=\"index, follow, max-snippet:-1, max-image-preview:large, max-video-preview:-1\" \/>\n<link rel=\"canonical\" href=\"https:\/\/chiury.it\/de\/product\/olive-verdi-schiacciate\/\" \/>\n<meta property=\"og:locale\" content=\"de_DE\" \/>\n<meta property=\"og:type\" content=\"article\" \/>\n<meta property=\"og:title\" content=\"Zerkleinerte Oliven in \u00d6l 300gr - Chiury\" \/>\n<meta property=\"og:description\" content=\"Die Olive Schiacciate geh\u00f6ren zur kulinarischen Tradition Kalabriens, die reich an mediterranen Geschm\u00e4ckern und Aromen ist. Mit dieser Zubereitungsart k\u00f6nnen Sie die Olive schiacciate ohne Stein konservieren, gew\u00fcrzt mit duftenden Aromen wie Chili und wildem Fenchel und in einem Glas mit nativem Oliven\u00f6l extra.\" \/>\n<meta property=\"og:url\" content=\"https:\/\/chiury.it\/de\/product\/olive-verdi-schiacciate\/\" \/>\n<meta property=\"og:site_name\" content=\"Chiury\" \/>\n<meta property=\"article:modified_time\" content=\"2021-12-14T16:12:33+00:00\" \/>\n<meta property=\"og:image\" content=\"https:\/\/chiury.it\/wp-content\/uploads\/2021\/08\/Olive-schiacciate.png\" \/>\n\t<meta property=\"og:image:width\" content=\"800\" \/>\n\t<meta property=\"og:image:height\" content=\"1080\" \/>\n\t<meta property=\"og:image:type\" content=\"image\/png\" \/>\n<meta name=\"twitter:card\" content=\"summary_large_image\" \/>\n<meta name=\"twitter:label1\" content=\"Gesch\u00e4tzte Lesezeit\" \/>\n\t<meta name=\"twitter:data1\" content=\"1\u00a0Minute\" \/>\n<script type=\"application\/ld+json\" class=\"yoast-schema-graph\">{\"@context\":\"https:\/\/schema.org\",\"@graph\":[{\"@type\":\"WebPage\",\"@id\":\"https:\/\/chiury.it\/de\/product\/olive-verdi-schiacciate\/\",\"url\":\"https:\/\/chiury.it\/de\/product\/olive-verdi-schiacciate\/\",\"name\":\"Zerkleinerte Oliven in \u00d6l 300gr - Chiury\",\"isPartOf\":{\"@id\":\"https:\/\/chiury.it\/#website\"},\"primaryImageOfPage\":{\"@id\":\"https:\/\/chiury.it\/de\/product\/olive-verdi-schiacciate\/#primaryimage\"},\"image\":{\"@id\":\"https:\/\/chiury.it\/de\/product\/olive-verdi-schiacciate\/#primaryimage\"},\"thumbnailUrl\":\"https:\/\/chiury.it\/wp-content\/uploads\/2021\/08\/Olive-schiacciate.png\",\"datePublished\":\"2021-08-04T08:13:59+00:00\",\"dateModified\":\"2021-12-14T16:12:33+00:00\",\"breadcrumb\":{\"@id\":\"https:\/\/chiury.it\/de\/product\/olive-verdi-schiacciate\/#breadcrumb\"},\"inLanguage\":\"de\",\"potentialAction\":[{\"@type\":\"ReadAction\",\"target\":[\"https:\/\/chiury.it\/de\/product\/olive-verdi-schiacciate\/\"]}]},{\"@type\":\"ImageObject\",\"inLanguage\":\"de\",\"@id\":\"https:\/\/chiury.it\/de\/product\/olive-verdi-schiacciate\/#primaryimage\",\"url\":\"https:\/\/chiury.it\/wp-content\/uploads\/2021\/08\/Olive-schiacciate.png\",\"contentUrl\":\"https:\/\/chiury.it\/wp-content\/uploads\/2021\/08\/Olive-schiacciate.png\",\"width\":800,\"height\":1080},{\"@type\":\"BreadcrumbList\",\"@id\":\"https:\/\/chiury.it\/de\/product\/olive-verdi-schiacciate\/#breadcrumb\",\"itemListElement\":[{\"@type\":\"ListItem\",\"position\":1,\"name\":\"Home\",\"item\":\"https:\/\/chiury.it\/de\/\"},{\"@type\":\"ListItem\",\"position\":2,\"name\":\"Shop\",\"item\":\"https:\/\/chiury.it\/shop\/\"},{\"@type\":\"ListItem\",\"position\":3,\"name\":\"Zerkleinerte Oliven in \u00d6l 300gr\"}]},{\"@type\":\"WebSite\",\"@id\":\"https:\/\/chiury.it\/#website\",\"url\":\"https:\/\/chiury.it\/\",\"name\":\"Chiury\",\"description\":\"Organically Grown Olives\",\"publisher\":{\"@id\":\"https:\/\/chiury.it\/#organization\"},\"potentialAction\":[{\"@type\":\"SearchAction\",\"target\":{\"@type\":\"EntryPoint\",\"urlTemplate\":\"https:\/\/chiury.it\/?s={search_term_string}\"},\"query-input\":\"required name=search_term_string\"}],\"inLanguage\":\"de\"},{\"@type\":\"Organization\",\"@id\":\"https:\/\/chiury.it\/#organization\",\"name\":\"Chiury\",\"url\":\"https:\/\/chiury.it\/\",\"logo\":{\"@type\":\"ImageObject\",\"inLanguage\":\"de\",\"@id\":\"https:\/\/chiury.it\/#\/schema\/logo\/image\/\",\"url\":\"https:\/\/chiury.it\/wp-content\/uploads\/2021\/08\/Risorsa-10Ramo-olive.png\",\"contentUrl\":\"https:\/\/chiury.it\/wp-content\/uploads\/2021\/08\/Risorsa-10Ramo-olive.png\",\"width\":180,\"height\":213,\"caption\":\"Chiury\"},\"image\":{\"@id\":\"https:\/\/chiury.it\/#\/schema\/logo\/image\/\"}}]}<\/script>\n<!-- \/ Yoast SEO plugin. -->","yoast_head_json":{"title":"Zerkleinerte Oliven in \u00d6l 300gr - Chiury","robots":{"index":"index","follow":"follow","max-snippet":"max-snippet:-1","max-image-preview":"max-image-preview:large","max-video-preview":"max-video-preview:-1"},"canonical":"https:\/\/chiury.it\/de\/product\/olive-verdi-schiacciate\/","og_locale":"de_DE","og_type":"article","og_title":"Zerkleinerte Oliven in \u00d6l 300gr - Chiury","og_description":"Die Olive Schiacciate geh\u00f6ren zur kulinarischen Tradition Kalabriens, die reich an mediterranen Geschm\u00e4ckern und Aromen ist. Mit dieser Zubereitungsart k\u00f6nnen Sie die Olive schiacciate ohne Stein konservieren, gew\u00fcrzt mit duftenden Aromen wie Chili und wildem Fenchel und in einem Glas mit nativem Oliven\u00f6l extra.","og_url":"https:\/\/chiury.it\/de\/product\/olive-verdi-schiacciate\/","og_site_name":"Chiury","article_modified_time":"2021-12-14T16:12:33+00:00","og_image":[{"width":800,"height":1080,"url":"https:\/\/chiury.it\/wp-content\/uploads\/2021\/08\/Olive-schiacciate.png","type":"image\/png"}],"twitter_card":"summary_large_image","twitter_misc":{"Gesch\u00e4tzte Lesezeit":"1\u00a0Minute"},"schema":{"@context":"https:\/\/schema.org","@graph":[{"@type":"WebPage","@id":"https:\/\/chiury.it\/de\/product\/olive-verdi-schiacciate\/","url":"https:\/\/chiury.it\/de\/product\/olive-verdi-schiacciate\/","name":"Zerkleinerte Oliven in \u00d6l 300gr - Chiury","isPartOf":{"@id":"https:\/\/chiury.it\/#website"},"primaryImageOfPage":{"@id":"https:\/\/chiury.it\/de\/product\/olive-verdi-schiacciate\/#primaryimage"},"image":{"@id":"https:\/\/chiury.it\/de\/product\/olive-verdi-schiacciate\/#primaryimage"},"thumbnailUrl":"https:\/\/chiury.it\/wp-content\/uploads\/2021\/08\/Olive-schiacciate.png","datePublished":"2021-08-04T08:13:59+00:00","dateModified":"2021-12-14T16:12:33+00:00","breadcrumb":{"@id":"https:\/\/chiury.it\/de\/product\/olive-verdi-schiacciate\/#breadcrumb"},"inLanguage":"de","potentialAction":[{"@type":"ReadAction","target":["https:\/\/chiury.it\/de\/product\/olive-verdi-schiacciate\/"]}]},{"@type":"ImageObject","inLanguage":"de","@id":"https:\/\/chiury.it\/de\/product\/olive-verdi-schiacciate\/#primaryimage","url":"https:\/\/chiury.it\/wp-content\/uploads\/2021\/08\/Olive-schiacciate.png","contentUrl":"https:\/\/chiury.it\/wp-content\/uploads\/2021\/08\/Olive-schiacciate.png","width":800,"height":1080},{"@type":"BreadcrumbList","@id":"https:\/\/chiury.it\/de\/product\/olive-verdi-schiacciate\/#breadcrumb","itemListElement":[{"@type":"ListItem","position":1,"name":"Home","item":"https:\/\/chiury.it\/de\/"},{"@type":"ListItem","position":2,"name":"Shop","item":"https:\/\/chiury.it\/shop\/"},{"@type":"ListItem","position":3,"name":"Zerkleinerte Oliven in \u00d6l 300gr"}]},{"@type":"WebSite","@id":"https:\/\/chiury.it\/#website","url":"https:\/\/chiury.it\/","name":"Chiury","description":"Organically Grown Olives","publisher":{"@id":"https:\/\/chiury.it\/#organization"},"potentialAction":[{"@type":"SearchAction","target":{"@type":"EntryPoint","urlTemplate":"https:\/\/chiury.it\/?s={search_term_string}"},"query-input":"required name=search_term_string"}],"inLanguage":"de"},{"@type":"Organization","@id":"https:\/\/chiury.it\/#organization","name":"Chiury","url":"https:\/\/chiury.it\/","logo":{"@type":"ImageObject","inLanguage":"de","@id":"https:\/\/chiury.it\/#\/schema\/logo\/image\/","url":"https:\/\/chiury.it\/wp-content\/uploads\/2021\/08\/Risorsa-10Ramo-olive.png","contentUrl":"https:\/\/chiury.it\/wp-content\/uploads\/2021\/08\/Risorsa-10Ramo-olive.png","width":180,"height":213,"caption":"Chiury"},"image":{"@id":"https:\/\/chiury.it\/#\/schema\/logo\/image\/"}}]}},"_links":{"self":[{"href":"https:\/\/chiury.it\/de\/wp-json\/wp\/v2\/product\/989001","targetHints":{"allow":["GET"]}}],"collection":[{"href":"https:\/\/chiury.it\/de\/wp-json\/wp\/v2\/product"}],"about":[{"href":"https:\/\/chiury.it\/de\/wp-json\/wp\/v2\/types\/product"}],"version-history":[{"count":5,"href":"https:\/\/chiury.it\/de\/wp-json\/wp\/v2\/product\/989001\/revisions"}],"predecessor-version":[{"id":989398,"href":"https:\/\/chiury.it\/de\/wp-json\/wp\/v2\/product\/989001\/revisions\/989398"}],"wp:featuredmedia":[{"embeddable":true,"href":"https:\/\/chiury.it\/de\/wp-json\/wp\/v2\/media\/988492"}],"wp:attachment":[{"href":"https:\/\/chiury.it\/de\/wp-json\/wp\/v2\/media?parent=989001"}],"wp:term":[{"taxonomy":"product_cat","embeddable":true,"href":"https:\/\/chiury.it\/de\/wp-json\/wp\/v2\/product_cat?post=989001"},{"taxonomy":"product_tag","embeddable":true,"href":"https:\/\/chiury.it\/de\/wp-json\/wp\/v2\/product_tag?post=989001"}],"curies":[{"name":"wp","href":"https:\/\/api.w.org\/{rel}","templated":true}]}}