{"id":988718,"date":"2021-08-04T09:42:23","date_gmt":"2021-08-04T09:42:23","guid":{"rendered":"https:\/\/chiury.it\/product\/sapone-liquido\/"},"modified":"2021-12-14T16:10:09","modified_gmt":"2021-12-14T16:10:09","slug":"fluessigseife","status":"publish","type":"product","link":"https:\/\/chiury.it\/de\/product\/fluessigseife\/","title":{"rendered":"Oliven\u00f6l-Fl\u00fcssigseifea 500ml"},"content":{"rendered":"","protected":false},"excerpt":{"rendered":"<p>Diese Fl\u00fcssigseife ist reich an pflanzlichen Inhaltsstoffen. Sie reinigt die Haut auf sanfte Weise ohne ihren Hydrolipidfilm zu beeintr\u00e4chtigen. Die entz\u00fcndungshemmenden und feuchtigkeitsspendenden Eigenschaften des <strong>Oliven\u00f6ls<\/strong> machen die Haut samtweich und geschmeidig.<\/p>\n","protected":false},"featured_media":988520,"template":"","meta":[],"product_cat":[92],"product_tag":[101,102,104],"class_list":{"0":"post-988718","1":"product","2":"type-product","3":"status-publish","4":"has-post-thumbnail","6":"product_cat-cosmetics-de","7":"product_tag-body-care-de","8":"product_tag-care-de","9":"product_tag-soap-de","11":"first","12":"instock","13":"shipping-taxable","14":"purchasable","15":"product-type-simple"},"yoast_head":"<!-- This site is optimized with the Yoast SEO plugin v23.3 - https:\/\/yoast.com\/wordpress\/plugins\/seo\/ -->\n<title>Oliven\u00f6l-Fl\u00fcssigseifea 500ml - Chiury<\/title>\n<meta name=\"robots\" content=\"index, follow, max-snippet:-1, max-image-preview:large, max-video-preview:-1\" \/>\n<link rel=\"canonical\" href=\"https:\/\/chiury.it\/de\/product\/fluessigseife\/\" \/>\n<meta property=\"og:locale\" content=\"de_DE\" \/>\n<meta property=\"og:type\" content=\"article\" \/>\n<meta property=\"og:title\" content=\"Oliven\u00f6l-Fl\u00fcssigseifea 500ml - Chiury\" \/>\n<meta property=\"og:description\" content=\"Diese Fl\u00fcssigseife ist reich an pflanzlichen Inhaltsstoffen. Sie reinigt die Haut auf sanfte Weise ohne ihren Hydrolipidfilm zu beeintr\u00e4chtigen. Die entz\u00fcndungshemmenden und feuchtigkeitsspendenden Eigenschaften des Oliven\u00f6ls machen die Haut samtweich und geschmeidig.\" \/>\n<meta property=\"og:url\" content=\"https:\/\/chiury.it\/de\/product\/fluessigseife\/\" \/>\n<meta property=\"og:site_name\" content=\"Chiury\" \/>\n<meta property=\"article:modified_time\" content=\"2021-12-14T16:10:09+00:00\" \/>\n<meta property=\"og:image\" content=\"https:\/\/chiury.it\/wp-content\/uploads\/2021\/08\/Sapone-liquido.png\" \/>\n\t<meta property=\"og:image:width\" content=\"800\" \/>\n\t<meta property=\"og:image:height\" content=\"1834\" \/>\n\t<meta property=\"og:image:type\" content=\"image\/png\" \/>\n<meta name=\"twitter:card\" content=\"summary_large_image\" \/>\n<script type=\"application\/ld+json\" class=\"yoast-schema-graph\">{\"@context\":\"https:\/\/schema.org\",\"@graph\":[{\"@type\":\"WebPage\",\"@id\":\"https:\/\/chiury.it\/de\/product\/fluessigseife\/\",\"url\":\"https:\/\/chiury.it\/de\/product\/fluessigseife\/\",\"name\":\"Oliven\u00f6l-Fl\u00fcssigseifea 500ml - Chiury\",\"isPartOf\":{\"@id\":\"https:\/\/chiury.it\/#website\"},\"primaryImageOfPage\":{\"@id\":\"https:\/\/chiury.it\/de\/product\/fluessigseife\/#primaryimage\"},\"image\":{\"@id\":\"https:\/\/chiury.it\/de\/product\/fluessigseife\/#primaryimage\"},\"thumbnailUrl\":\"https:\/\/chiury.it\/wp-content\/uploads\/2021\/08\/Sapone-liquido.png\",\"datePublished\":\"2021-08-04T09:42:23+00:00\",\"dateModified\":\"2021-12-14T16:10:09+00:00\",\"breadcrumb\":{\"@id\":\"https:\/\/chiury.it\/de\/product\/fluessigseife\/#breadcrumb\"},\"inLanguage\":\"de\",\"potentialAction\":[{\"@type\":\"ReadAction\",\"target\":[\"https:\/\/chiury.it\/de\/product\/fluessigseife\/\"]}]},{\"@type\":\"ImageObject\",\"inLanguage\":\"de\",\"@id\":\"https:\/\/chiury.it\/de\/product\/fluessigseife\/#primaryimage\",\"url\":\"https:\/\/chiury.it\/wp-content\/uploads\/2021\/08\/Sapone-liquido.png\",\"contentUrl\":\"https:\/\/chiury.it\/wp-content\/uploads\/2021\/08\/Sapone-liquido.png\",\"width\":800,\"height\":1834},{\"@type\":\"BreadcrumbList\",\"@id\":\"https:\/\/chiury.it\/de\/product\/fluessigseife\/#breadcrumb\",\"itemListElement\":[{\"@type\":\"ListItem\",\"position\":1,\"name\":\"Home\",\"item\":\"https:\/\/chiury.it\/de\/\"},{\"@type\":\"ListItem\",\"position\":2,\"name\":\"Shop\",\"item\":\"https:\/\/chiury.it\/shop\/\"},{\"@type\":\"ListItem\",\"position\":3,\"name\":\"Oliven\u00f6l-Fl\u00fcssigseifea 500ml\"}]},{\"@type\":\"WebSite\",\"@id\":\"https:\/\/chiury.it\/#website\",\"url\":\"https:\/\/chiury.it\/\",\"name\":\"Chiury\",\"description\":\"Organically Grown Olives\",\"publisher\":{\"@id\":\"https:\/\/chiury.it\/#organization\"},\"potentialAction\":[{\"@type\":\"SearchAction\",\"target\":{\"@type\":\"EntryPoint\",\"urlTemplate\":\"https:\/\/chiury.it\/?s={search_term_string}\"},\"query-input\":\"required name=search_term_string\"}],\"inLanguage\":\"de\"},{\"@type\":\"Organization\",\"@id\":\"https:\/\/chiury.it\/#organization\",\"name\":\"Chiury\",\"url\":\"https:\/\/chiury.it\/\",\"logo\":{\"@type\":\"ImageObject\",\"inLanguage\":\"de\",\"@id\":\"https:\/\/chiury.it\/#\/schema\/logo\/image\/\",\"url\":\"https:\/\/chiury.it\/wp-content\/uploads\/2021\/08\/Risorsa-10Ramo-olive.png\",\"contentUrl\":\"https:\/\/chiury.it\/wp-content\/uploads\/2021\/08\/Risorsa-10Ramo-olive.png\",\"width\":180,\"height\":213,\"caption\":\"Chiury\"},\"image\":{\"@id\":\"https:\/\/chiury.it\/#\/schema\/logo\/image\/\"}}]}<\/script>\n<!-- \/ Yoast SEO plugin. -->","yoast_head_json":{"title":"Oliven\u00f6l-Fl\u00fcssigseifea 500ml - Chiury","robots":{"index":"index","follow":"follow","max-snippet":"max-snippet:-1","max-image-preview":"max-image-preview:large","max-video-preview":"max-video-preview:-1"},"canonical":"https:\/\/chiury.it\/de\/product\/fluessigseife\/","og_locale":"de_DE","og_type":"article","og_title":"Oliven\u00f6l-Fl\u00fcssigseifea 500ml - Chiury","og_description":"Diese Fl\u00fcssigseife ist reich an pflanzlichen Inhaltsstoffen. Sie reinigt die Haut auf sanfte Weise ohne ihren Hydrolipidfilm zu beeintr\u00e4chtigen. Die entz\u00fcndungshemmenden und feuchtigkeitsspendenden Eigenschaften des Oliven\u00f6ls machen die Haut samtweich und geschmeidig.","og_url":"https:\/\/chiury.it\/de\/product\/fluessigseife\/","og_site_name":"Chiury","article_modified_time":"2021-12-14T16:10:09+00:00","og_image":[{"width":800,"height":1834,"url":"https:\/\/chiury.it\/wp-content\/uploads\/2021\/08\/Sapone-liquido.png","type":"image\/png"}],"twitter_card":"summary_large_image","schema":{"@context":"https:\/\/schema.org","@graph":[{"@type":"WebPage","@id":"https:\/\/chiury.it\/de\/product\/fluessigseife\/","url":"https:\/\/chiury.it\/de\/product\/fluessigseife\/","name":"Oliven\u00f6l-Fl\u00fcssigseifea 500ml - Chiury","isPartOf":{"@id":"https:\/\/chiury.it\/#website"},"primaryImageOfPage":{"@id":"https:\/\/chiury.it\/de\/product\/fluessigseife\/#primaryimage"},"image":{"@id":"https:\/\/chiury.it\/de\/product\/fluessigseife\/#primaryimage"},"thumbnailUrl":"https:\/\/chiury.it\/wp-content\/uploads\/2021\/08\/Sapone-liquido.png","datePublished":"2021-08-04T09:42:23+00:00","dateModified":"2021-12-14T16:10:09+00:00","breadcrumb":{"@id":"https:\/\/chiury.it\/de\/product\/fluessigseife\/#breadcrumb"},"inLanguage":"de","potentialAction":[{"@type":"ReadAction","target":["https:\/\/chiury.it\/de\/product\/fluessigseife\/"]}]},{"@type":"ImageObject","inLanguage":"de","@id":"https:\/\/chiury.it\/de\/product\/fluessigseife\/#primaryimage","url":"https:\/\/chiury.it\/wp-content\/uploads\/2021\/08\/Sapone-liquido.png","contentUrl":"https:\/\/chiury.it\/wp-content\/uploads\/2021\/08\/Sapone-liquido.png","width":800,"height":1834},{"@type":"BreadcrumbList","@id":"https:\/\/chiury.it\/de\/product\/fluessigseife\/#breadcrumb","itemListElement":[{"@type":"ListItem","position":1,"name":"Home","item":"https:\/\/chiury.it\/de\/"},{"@type":"ListItem","position":2,"name":"Shop","item":"https:\/\/chiury.it\/shop\/"},{"@type":"ListItem","position":3,"name":"Oliven\u00f6l-Fl\u00fcssigseifea 500ml"}]},{"@type":"WebSite","@id":"https:\/\/chiury.it\/#website","url":"https:\/\/chiury.it\/","name":"Chiury","description":"Organically Grown Olives","publisher":{"@id":"https:\/\/chiury.it\/#organization"},"potentialAction":[{"@type":"SearchAction","target":{"@type":"EntryPoint","urlTemplate":"https:\/\/chiury.it\/?s={search_term_string}"},"query-input":"required name=search_term_string"}],"inLanguage":"de"},{"@type":"Organization","@id":"https:\/\/chiury.it\/#organization","name":"Chiury","url":"https:\/\/chiury.it\/","logo":{"@type":"ImageObject","inLanguage":"de","@id":"https:\/\/chiury.it\/#\/schema\/logo\/image\/","url":"https:\/\/chiury.it\/wp-content\/uploads\/2021\/08\/Risorsa-10Ramo-olive.png","contentUrl":"https:\/\/chiury.it\/wp-content\/uploads\/2021\/08\/Risorsa-10Ramo-olive.png","width":180,"height":213,"caption":"Chiury"},"image":{"@id":"https:\/\/chiury.it\/#\/schema\/logo\/image\/"}}]}},"_links":{"self":[{"href":"https:\/\/chiury.it\/de\/wp-json\/wp\/v2\/product\/988718","targetHints":{"allow":["GET"]}}],"collection":[{"href":"https:\/\/chiury.it\/de\/wp-json\/wp\/v2\/product"}],"about":[{"href":"https:\/\/chiury.it\/de\/wp-json\/wp\/v2\/types\/product"}],"version-history":[{"count":5,"href":"https:\/\/chiury.it\/de\/wp-json\/wp\/v2\/product\/988718\/revisions"}],"predecessor-version":[{"id":989388,"href":"https:\/\/chiury.it\/de\/wp-json\/wp\/v2\/product\/988718\/revisions\/989388"}],"wp:featuredmedia":[{"embeddable":true,"href":"https:\/\/chiury.it\/de\/wp-json\/wp\/v2\/media\/988520"}],"wp:attachment":[{"href":"https:\/\/chiury.it\/de\/wp-json\/wp\/v2\/media?parent=988718"}],"wp:term":[{"taxonomy":"product_cat","embeddable":true,"href":"https:\/\/chiury.it\/de\/wp-json\/wp\/v2\/product_cat?post=988718"},{"taxonomy":"product_tag","embeddable":true,"href":"https:\/\/chiury.it\/de\/wp-json\/wp\/v2\/product_tag?post=988718"}],"curies":[{"name":"wp","href":"https:\/\/api.w.org\/{rel}","templated":true}]}}