{"id":988714,"date":"2021-08-04T09:44:05","date_gmt":"2021-08-04T09:44:05","guid":{"rendered":"https:\/\/chiury.it\/product\/shampoo\/"},"modified":"2021-12-14T16:07:45","modified_gmt":"2021-12-14T16:07:45","slug":"shampoo","status":"publish","type":"product","link":"https:\/\/chiury.it\/de\/product\/shampoo\/","title":{"rendered":"Oliven\u00f6l-Shampoo 250ml"},"content":{"rendered":"","protected":false},"excerpt":{"rendered":"<p>Dieses Shampoo ist reich an pflanzlichen Inhaltsstoffen. Es reinigt die Haut ohne die Haarrinde anzugreifen und kann daher auch h\u00e4ufig verwendet werden. Die entz\u00fcndungshemmenden und feuchtigkeitsspendenden Eigenschaften des <strong>Oliven\u00f6ls<\/strong> verleihen dem Haar Weichheit, Glanz und bessere K\u00e4mmbarkeit.<\/p>\n","protected":false},"featured_media":988522,"template":"","meta":[],"product_cat":[92],"product_tag":[102,103],"class_list":{"0":"post-988714","1":"product","2":"type-product","3":"status-publish","4":"has-post-thumbnail","6":"product_cat-cosmetics-de","7":"product_tag-care-de","8":"product_tag-hair-de","10":"first","11":"instock","12":"shipping-taxable","13":"purchasable","14":"product-type-simple"},"yoast_head":"<!-- This site is optimized with the Yoast SEO plugin v23.3 - https:\/\/yoast.com\/wordpress\/plugins\/seo\/ -->\n<title>Oliven\u00f6l-Shampoo 250ml - Chiury<\/title>\n<meta name=\"robots\" content=\"index, follow, max-snippet:-1, max-image-preview:large, max-video-preview:-1\" \/>\n<link rel=\"canonical\" href=\"https:\/\/chiury.it\/de\/product\/shampoo\/\" \/>\n<meta property=\"og:locale\" content=\"de_DE\" \/>\n<meta property=\"og:type\" content=\"article\" \/>\n<meta property=\"og:title\" content=\"Oliven\u00f6l-Shampoo 250ml - Chiury\" \/>\n<meta property=\"og:description\" content=\"Dieses Shampoo ist reich an pflanzlichen Inhaltsstoffen. Es reinigt die Haut ohne die Haarrinde anzugreifen und kann daher auch h\u00e4ufig verwendet werden. Die entz\u00fcndungshemmenden und feuchtigkeitsspendenden Eigenschaften des Oliven\u00f6ls verleihen dem Haar Weichheit, Glanz und bessere K\u00e4mmbarkeit.\" \/>\n<meta property=\"og:url\" content=\"https:\/\/chiury.it\/de\/product\/shampoo\/\" \/>\n<meta property=\"og:site_name\" content=\"Chiury\" \/>\n<meta property=\"article:modified_time\" content=\"2021-12-14T16:07:45+00:00\" \/>\n<meta property=\"og:image\" content=\"https:\/\/chiury.it\/wp-content\/uploads\/2021\/08\/Shampoo.png\" \/>\n\t<meta property=\"og:image:width\" content=\"800\" \/>\n\t<meta property=\"og:image:height\" content=\"1834\" \/>\n\t<meta property=\"og:image:type\" content=\"image\/png\" \/>\n<meta name=\"twitter:card\" content=\"summary_large_image\" \/>\n<script type=\"application\/ld+json\" class=\"yoast-schema-graph\">{\"@context\":\"https:\/\/schema.org\",\"@graph\":[{\"@type\":\"WebPage\",\"@id\":\"https:\/\/chiury.it\/de\/product\/shampoo\/\",\"url\":\"https:\/\/chiury.it\/de\/product\/shampoo\/\",\"name\":\"Oliven\u00f6l-Shampoo 250ml - Chiury\",\"isPartOf\":{\"@id\":\"https:\/\/chiury.it\/#website\"},\"primaryImageOfPage\":{\"@id\":\"https:\/\/chiury.it\/de\/product\/shampoo\/#primaryimage\"},\"image\":{\"@id\":\"https:\/\/chiury.it\/de\/product\/shampoo\/#primaryimage\"},\"thumbnailUrl\":\"https:\/\/chiury.it\/wp-content\/uploads\/2021\/08\/Shampoo.png\",\"datePublished\":\"2021-08-04T09:44:05+00:00\",\"dateModified\":\"2021-12-14T16:07:45+00:00\",\"breadcrumb\":{\"@id\":\"https:\/\/chiury.it\/de\/product\/shampoo\/#breadcrumb\"},\"inLanguage\":\"de\",\"potentialAction\":[{\"@type\":\"ReadAction\",\"target\":[\"https:\/\/chiury.it\/de\/product\/shampoo\/\"]}]},{\"@type\":\"ImageObject\",\"inLanguage\":\"de\",\"@id\":\"https:\/\/chiury.it\/de\/product\/shampoo\/#primaryimage\",\"url\":\"https:\/\/chiury.it\/wp-content\/uploads\/2021\/08\/Shampoo.png\",\"contentUrl\":\"https:\/\/chiury.it\/wp-content\/uploads\/2021\/08\/Shampoo.png\",\"width\":800,\"height\":1834},{\"@type\":\"BreadcrumbList\",\"@id\":\"https:\/\/chiury.it\/de\/product\/shampoo\/#breadcrumb\",\"itemListElement\":[{\"@type\":\"ListItem\",\"position\":1,\"name\":\"Home\",\"item\":\"https:\/\/chiury.it\/de\/\"},{\"@type\":\"ListItem\",\"position\":2,\"name\":\"Shop\",\"item\":\"https:\/\/chiury.it\/shop\/\"},{\"@type\":\"ListItem\",\"position\":3,\"name\":\"Oliven\u00f6l-Shampoo 250ml\"}]},{\"@type\":\"WebSite\",\"@id\":\"https:\/\/chiury.it\/#website\",\"url\":\"https:\/\/chiury.it\/\",\"name\":\"Chiury\",\"description\":\"Organically Grown Olives\",\"publisher\":{\"@id\":\"https:\/\/chiury.it\/#organization\"},\"potentialAction\":[{\"@type\":\"SearchAction\",\"target\":{\"@type\":\"EntryPoint\",\"urlTemplate\":\"https:\/\/chiury.it\/?s={search_term_string}\"},\"query-input\":\"required name=search_term_string\"}],\"inLanguage\":\"de\"},{\"@type\":\"Organization\",\"@id\":\"https:\/\/chiury.it\/#organization\",\"name\":\"Chiury\",\"url\":\"https:\/\/chiury.it\/\",\"logo\":{\"@type\":\"ImageObject\",\"inLanguage\":\"de\",\"@id\":\"https:\/\/chiury.it\/#\/schema\/logo\/image\/\",\"url\":\"https:\/\/chiury.it\/wp-content\/uploads\/2021\/08\/Risorsa-10Ramo-olive.png\",\"contentUrl\":\"https:\/\/chiury.it\/wp-content\/uploads\/2021\/08\/Risorsa-10Ramo-olive.png\",\"width\":180,\"height\":213,\"caption\":\"Chiury\"},\"image\":{\"@id\":\"https:\/\/chiury.it\/#\/schema\/logo\/image\/\"}}]}<\/script>\n<!-- \/ Yoast SEO plugin. -->","yoast_head_json":{"title":"Oliven\u00f6l-Shampoo 250ml - Chiury","robots":{"index":"index","follow":"follow","max-snippet":"max-snippet:-1","max-image-preview":"max-image-preview:large","max-video-preview":"max-video-preview:-1"},"canonical":"https:\/\/chiury.it\/de\/product\/shampoo\/","og_locale":"de_DE","og_type":"article","og_title":"Oliven\u00f6l-Shampoo 250ml - Chiury","og_description":"Dieses Shampoo ist reich an pflanzlichen Inhaltsstoffen. Es reinigt die Haut ohne die Haarrinde anzugreifen und kann daher auch h\u00e4ufig verwendet werden. Die entz\u00fcndungshemmenden und feuchtigkeitsspendenden Eigenschaften des Oliven\u00f6ls verleihen dem Haar Weichheit, Glanz und bessere K\u00e4mmbarkeit.","og_url":"https:\/\/chiury.it\/de\/product\/shampoo\/","og_site_name":"Chiury","article_modified_time":"2021-12-14T16:07:45+00:00","og_image":[{"width":800,"height":1834,"url":"https:\/\/chiury.it\/wp-content\/uploads\/2021\/08\/Shampoo.png","type":"image\/png"}],"twitter_card":"summary_large_image","schema":{"@context":"https:\/\/schema.org","@graph":[{"@type":"WebPage","@id":"https:\/\/chiury.it\/de\/product\/shampoo\/","url":"https:\/\/chiury.it\/de\/product\/shampoo\/","name":"Oliven\u00f6l-Shampoo 250ml - Chiury","isPartOf":{"@id":"https:\/\/chiury.it\/#website"},"primaryImageOfPage":{"@id":"https:\/\/chiury.it\/de\/product\/shampoo\/#primaryimage"},"image":{"@id":"https:\/\/chiury.it\/de\/product\/shampoo\/#primaryimage"},"thumbnailUrl":"https:\/\/chiury.it\/wp-content\/uploads\/2021\/08\/Shampoo.png","datePublished":"2021-08-04T09:44:05+00:00","dateModified":"2021-12-14T16:07:45+00:00","breadcrumb":{"@id":"https:\/\/chiury.it\/de\/product\/shampoo\/#breadcrumb"},"inLanguage":"de","potentialAction":[{"@type":"ReadAction","target":["https:\/\/chiury.it\/de\/product\/shampoo\/"]}]},{"@type":"ImageObject","inLanguage":"de","@id":"https:\/\/chiury.it\/de\/product\/shampoo\/#primaryimage","url":"https:\/\/chiury.it\/wp-content\/uploads\/2021\/08\/Shampoo.png","contentUrl":"https:\/\/chiury.it\/wp-content\/uploads\/2021\/08\/Shampoo.png","width":800,"height":1834},{"@type":"BreadcrumbList","@id":"https:\/\/chiury.it\/de\/product\/shampoo\/#breadcrumb","itemListElement":[{"@type":"ListItem","position":1,"name":"Home","item":"https:\/\/chiury.it\/de\/"},{"@type":"ListItem","position":2,"name":"Shop","item":"https:\/\/chiury.it\/shop\/"},{"@type":"ListItem","position":3,"name":"Oliven\u00f6l-Shampoo 250ml"}]},{"@type":"WebSite","@id":"https:\/\/chiury.it\/#website","url":"https:\/\/chiury.it\/","name":"Chiury","description":"Organically Grown Olives","publisher":{"@id":"https:\/\/chiury.it\/#organization"},"potentialAction":[{"@type":"SearchAction","target":{"@type":"EntryPoint","urlTemplate":"https:\/\/chiury.it\/?s={search_term_string}"},"query-input":"required name=search_term_string"}],"inLanguage":"de"},{"@type":"Organization","@id":"https:\/\/chiury.it\/#organization","name":"Chiury","url":"https:\/\/chiury.it\/","logo":{"@type":"ImageObject","inLanguage":"de","@id":"https:\/\/chiury.it\/#\/schema\/logo\/image\/","url":"https:\/\/chiury.it\/wp-content\/uploads\/2021\/08\/Risorsa-10Ramo-olive.png","contentUrl":"https:\/\/chiury.it\/wp-content\/uploads\/2021\/08\/Risorsa-10Ramo-olive.png","width":180,"height":213,"caption":"Chiury"},"image":{"@id":"https:\/\/chiury.it\/#\/schema\/logo\/image\/"}}]}},"_links":{"self":[{"href":"https:\/\/chiury.it\/de\/wp-json\/wp\/v2\/product\/988714","targetHints":{"allow":["GET"]}}],"collection":[{"href":"https:\/\/chiury.it\/de\/wp-json\/wp\/v2\/product"}],"about":[{"href":"https:\/\/chiury.it\/de\/wp-json\/wp\/v2\/types\/product"}],"version-history":[{"count":4,"href":"https:\/\/chiury.it\/de\/wp-json\/wp\/v2\/product\/988714\/revisions"}],"predecessor-version":[{"id":989385,"href":"https:\/\/chiury.it\/de\/wp-json\/wp\/v2\/product\/988714\/revisions\/989385"}],"wp:featuredmedia":[{"embeddable":true,"href":"https:\/\/chiury.it\/de\/wp-json\/wp\/v2\/media\/988522"}],"wp:attachment":[{"href":"https:\/\/chiury.it\/de\/wp-json\/wp\/v2\/media?parent=988714"}],"wp:term":[{"taxonomy":"product_cat","embeddable":true,"href":"https:\/\/chiury.it\/de\/wp-json\/wp\/v2\/product_cat?post=988714"},{"taxonomy":"product_tag","embeddable":true,"href":"https:\/\/chiury.it\/de\/wp-json\/wp\/v2\/product_tag?post=988714"}],"curies":[{"name":"wp","href":"https:\/\/api.w.org\/{rel}","templated":true}]}}